{"id":105,"date":"2020-06-24T07:16:32","date_gmt":"2020-06-24T07:16:32","guid":{"rendered":"https:\/\/jupiterx.artbees.net\/accountant\/?page_id=105"},"modified":"2020-06-24T07:16:32","modified_gmt":"2020-06-24T07:16:32","slug":"blog","status":"publish","type":"page","link":"https:\/\/afbsolutions.net\/en\/blog\/","title":{"rendered":"Blog"},"content":{"rendered":"<div data-elementor-type=\"wp-page\" data-elementor-id=\"105\" class=\"elementor elementor-105\">\n\t\t\t\t\t\t\t\t\t<section class=\"elementor-section elementor-top-section elementor-element elementor-element-cb73e6e elementor-section-boxed elementor-section-height-default elementor-section-height-default\" data-id=\"cb73e6e\" data-element_type=\"section\" data-settings=\"{&quot;background_background&quot;:&quot;classic&quot;}\">\n\t\t\t\t\t\t\t<div class=\"elementor-background-overlay\"><\/div>\n\t\t\t\t\t\t\t<div class=\"elementor-container elementor-column-gap-no\">\n\t\t\t\t\t<div class=\"elementor-column elementor-col-50 elementor-top-column elementor-element elementor-element-b58296d\" data-id=\"b58296d\" data-element_type=\"column\">\n\t\t\t<div class=\"elementor-widget-wrap elementor-element-populated\">\n\t\t\t\t\t\t\t\t<div class=\"elementor-element elementor-element-4c52786 elementor-widget elementor-widget-heading\" data-id=\"4c52786\" data-element_type=\"widget\" data-widget_type=\"heading.default\">\n\t\t\t\t<div class=\"elementor-widget-container\">\n\t\t\t<style>\/*! elementor - v3.11.2 - 22-02-2023 *\/\n.elementor-heading-title{padding:0;margin:0;line-height:1}.elementor-widget-heading .elementor-heading-title[class*=elementor-size-]>a{color:inherit;font-size:inherit;line-height:inherit}.elementor-widget-heading .elementor-heading-title.elementor-size-small{font-size:15px}.elementor-widget-heading .elementor-heading-title.elementor-size-medium{font-size:19px}.elementor-widget-heading .elementor-heading-title.elementor-size-large{font-size:29px}.elementor-widget-heading .elementor-heading-title.elementor-size-xl{font-size:39px}.elementor-widget-heading .elementor-heading-title.elementor-size-xxl{font-size:59px}<\/style><h1 class=\"elementor-heading-title elementor-size-default\">Blog<\/h1>\t\t<\/div>\n\t\t\t\t<\/div>\n\t\t\t\t<div class=\"elementor-element elementor-element-03e199f elementor-widget elementor-widget-text-editor\" data-id=\"03e199f\" data-element_type=\"widget\" data-widget_type=\"text-editor.default\">\n\t\t\t\t<div class=\"elementor-widget-container\">\n\t\t\t<style>\/*! elementor - v3.11.2 - 22-02-2023 *\/\n.elementor-widget-text-editor.elementor-drop-cap-view-stacked .elementor-drop-cap{background-color:#818a91;color:#fff}.elementor-widget-text-editor.elementor-drop-cap-view-framed .elementor-drop-cap{color:#818a91;border:3px solid;background-color:transparent}.elementor-widget-text-editor:not(.elementor-drop-cap-view-default) .elementor-drop-cap{margin-top:8px}.elementor-widget-text-editor:not(.elementor-drop-cap-view-default) .elementor-drop-cap-letter{width:1em;height:1em}.elementor-widget-text-editor .elementor-drop-cap{float:left;text-align:center;line-height:1;font-size:50px}.elementor-widget-text-editor .elementor-drop-cap-letter{display:inline-block}<\/style>\t\t\t\t<p>Lorem ipsum dolor sit amet, consectetur adipiscing elit. Proin eu porta magna. Phasellus facilisis nibh sit amet ipsum viverra gravida.<\/p>\t\t\t\t\t\t<\/div>\n\t\t\t\t<\/div>\n\t\t\t\t\t<\/div>\n\t\t<\/div>\n\t\t\t\t<div class=\"elementor-column elementor-col-50 elementor-top-column elementor-element elementor-element-a9631bc\" data-id=\"a9631bc\" data-element_type=\"column\">\n\t\t\t<div class=\"elementor-widget-wrap\">\n\t\t\t\t\t\t\t\t\t<\/div>\n\t\t<\/div>\n\t\t\t\t\t\t\t<\/div>\n\t\t<\/section>\n\t\t\t\t<section class=\"elementor-section elementor-top-section elementor-element elementor-element-f0bc9b8 elementor-section-boxed elementor-section-height-default elementor-section-height-default\" data-id=\"f0bc9b8\" data-element_type=\"section\">\n\t\t\t\t\t\t<div class=\"elementor-container elementor-column-gap-no\">\n\t\t\t\t\t<div class=\"elementor-column elementor-col-100 elementor-top-column elementor-element elementor-element-5ab43f2\" data-id=\"5ab43f2\" data-element_type=\"column\">\n\t\t\t<div class=\"elementor-widget-wrap elementor-element-populated\">\n\t\t\t\t\t\t\t\t<div class=\"elementor-element elementor-element-a55a678 elementor-widget elementor-widget-heading\" data-id=\"a55a678\" data-element_type=\"widget\" data-widget_type=\"heading.default\">\n\t\t\t\t<div class=\"elementor-widget-container\">\n\t\t\t<h2 class=\"elementor-heading-title elementor-size-default\">News From Us<\/h2>\t\t<\/div>\n\t\t\t\t<\/div>\n\t\t\t\t<div class=\"elementor-element elementor-element-05c79ff elementor-widget elementor-widget-text-editor\" data-id=\"05c79ff\" data-element_type=\"widget\" data-widget_type=\"text-editor.default\">\n\t\t\t\t<div class=\"elementor-widget-container\">\n\t\t\t\t\t\t\t<p>We bring the right people together to challenge established thinking and drive transformation.<\/p>\t\t\t\t\t\t<\/div>\n\t\t\t\t<\/div>\n\t\t\t\t\t<\/div>\n\t\t<\/div>\n\t\t\t\t\t\t\t<\/div>\n\t\t<\/section>\n\t\t\t\t<section class=\"elementor-section elementor-top-section elementor-element elementor-element-9013b46 elementor-section-boxed elementor-section-height-default elementor-section-height-default\" data-id=\"9013b46\" data-element_type=\"section\" data-settings=\"{&quot;background_background&quot;:&quot;classic&quot;}\">\n\t\t\t\t\t\t<div class=\"elementor-container elementor-column-gap-no\">\n\t\t\t\t\t<div class=\"elementor-column elementor-col-100 elementor-top-column elementor-element elementor-element-e5d56c1\" data-id=\"e5d56c1\" data-element_type=\"column\">\n\t\t\t<div class=\"elementor-widget-wrap elementor-element-populated\">\n\t\t\t\t\t\t\t\t<div class=\"elementor-element elementor-element-44d67db elementor-widget elementor-widget-raven-posts\" data-id=\"44d67db\" data-element_type=\"widget\" data-settings=\"{&quot;_skin&quot;:&quot;cover&quot;,&quot;query_posts_per_page&quot;:&quot;9&quot;,&quot;cover_layout&quot;:&quot;grid&quot;,&quot;cover_columns&quot;:&quot;3&quot;,&quot;cover_columns_tablet&quot;:&quot;2&quot;,&quot;cover_columns_mobile&quot;:&quot;1&quot;,&quot;query_offset&quot;:0}\" data-widget_type=\"raven-posts.cover\">\n\t\t\t\t<div class=\"elementor-widget-container\">\n\t\t\t\t\t<div class=\"raven-posts raven-grid raven-grid-3 raven-grid-mobile-1 raven-grid-tablet-2\" data-post-id=\"105\" data-archive-query=\"\">\n\t\t\t\t<div class=\"raven-grid-item raven-post-item post-741 post type-post status-publish format-standard has-post-thumbnail hentry category-marketing tag-afb-solutions tag-email-marketing tag-guatemala tag-marketing\">\n\t\t\t<div class=\"raven-post raven-post-inside\">\n\t\t\t\t\t\t<div class=\"raven-post-image-wrap\">\n\t\t\t<div class=\"raven-post-image raven-image-fit\" ><span class=\"raven-post-image-overlay\"><\/span> <img loading=\"lazy\" decoding=\"async\" width=\"1024\" height=\"683\" src=\"https:\/\/afbsolutions.net\/wp-content\/uploads\/2025\/03\/email-marketing-campanas-guatemala-afb-solutions-1024x683.jpg\" class=\"attachment-large size-large wp-image-744\" alt=\"email marketing campa\u00f1as guatemala afb solutions\" srcset=\"https:\/\/afbsolutions.net\/wp-content\/uploads\/2025\/03\/email-marketing-campanas-guatemala-afb-solutions-1024x683.jpg 1024w, https:\/\/afbsolutions.net\/wp-content\/uploads\/2025\/03\/email-marketing-campanas-guatemala-afb-solutions-300x200.jpg 300w, https:\/\/afbsolutions.net\/wp-content\/uploads\/2025\/03\/email-marketing-campanas-guatemala-afb-solutions-768x512.jpg 768w, https:\/\/afbsolutions.net\/wp-content\/uploads\/2025\/03\/email-marketing-campanas-guatemala-afb-solutions-1536x1024.jpg 1536w, https:\/\/afbsolutions.net\/wp-content\/uploads\/2025\/03\/email-marketing-campanas-guatemala-afb-solutions.jpg 1920w\" sizes=\"auto, (max-width: 1024px) 100vw, 1024px\" \/><\/div>\t\t<\/div>\n\t\t\t\t\t\t\t<div class=\"raven-post-content\">\n\t\t\t\t\t\t<h4 class=\"raven-post-title\"><a class=\"raven-post-title-link\" href=\"https:\/\/afbsolutions.net\/en\/la-psicologia-detras-de-las-campanas-de-email-exitosas\/\">La Psicolog\u00eda Detr\u00e1s de las Campa\u00f1as de Email Exitosas<\/a><\/h4>\t\t<div class=\"raven-post-read-more\">\n\t\t\t<a class=\"raven-post-button\" href=\"https:\/\/afbsolutions.net\/en\/la-psicologia-detras-de-las-campanas-de-email-exitosas\/\"><span class=\"raven-post-button-text\">&gt; Read More<\/span><\/a>\n\t\t<\/div>\n\t\t\t\t\t\t\t<\/div>\n\t\t\t\t\t\t\t\t<\/div>\n\t\t<\/div>\n\t\t\t\t<div class=\"raven-grid-item raven-post-item post-738 post type-post status-publish format-standard has-post-thumbnail hentry category-marketing tag-arte-de-la-guerra tag-guatemala tag-marketing tag-sun-tzu\">\n\t\t\t<div class=\"raven-post raven-post-inside\">\n\t\t\t\t\t\t<div class=\"raven-post-image-wrap\">\n\t\t\t<div class=\"raven-post-image raven-image-fit\" ><span class=\"raven-post-image-overlay\"><\/span> <img loading=\"lazy\" decoding=\"async\" width=\"1024\" height=\"681\" src=\"https:\/\/afbsolutions.net\/wp-content\/uploads\/2025\/03\/marketing-digital-guatemala-afbsolutions-1024x681.jpg\" class=\"attachment-large size-large wp-image-740\" alt=\"marketing digital guatemala afbsolutions\" srcset=\"https:\/\/afbsolutions.net\/wp-content\/uploads\/2025\/03\/marketing-digital-guatemala-afbsolutions-1024x681.jpg 1024w, https:\/\/afbsolutions.net\/wp-content\/uploads\/2025\/03\/marketing-digital-guatemala-afbsolutions-300x200.jpg 300w, https:\/\/afbsolutions.net\/wp-content\/uploads\/2025\/03\/marketing-digital-guatemala-afbsolutions-768x511.jpg 768w, https:\/\/afbsolutions.net\/wp-content\/uploads\/2025\/03\/marketing-digital-guatemala-afbsolutions-1536x1022.jpg 1536w, https:\/\/afbsolutions.net\/wp-content\/uploads\/2025\/03\/marketing-digital-guatemala-afbsolutions.jpg 1920w\" sizes=\"auto, (max-width: 1024px) 100vw, 1024px\" \/><\/div>\t\t<\/div>\n\t\t\t\t\t\t\t<div class=\"raven-post-content\">\n\t\t\t\t\t\t<h4 class=\"raven-post-title\"><a class=\"raven-post-title-link\" href=\"https:\/\/afbsolutions.net\/en\/el-arte-de-la-guerra-en-marketing-estrategias-competitivas\/\">El Arte de la Guerra en Marketing: Estrategias Competitivas<\/a><\/h4>\t\t<div class=\"raven-post-read-more\">\n\t\t\t<a class=\"raven-post-button\" href=\"https:\/\/afbsolutions.net\/en\/el-arte-de-la-guerra-en-marketing-estrategias-competitivas\/\"><span class=\"raven-post-button-text\">&gt; Read More<\/span><\/a>\n\t\t<\/div>\n\t\t\t\t\t\t\t<\/div>\n\t\t\t\t\t\t\t\t<\/div>\n\t\t<\/div>\n\t\t\t\t<div class=\"raven-grid-item raven-post-item post-735 post type-post status-publish format-standard has-post-thumbnail hentry category-trucos-windows tag-correo tag-temporal tag-windows\">\n\t\t\t<div class=\"raven-post raven-post-inside\">\n\t\t\t\t\t\t<div class=\"raven-post-image-wrap\">\n\t\t\t<div class=\"raven-post-image raven-image-fit\" ><span class=\"raven-post-image-overlay\"><\/span> <img loading=\"lazy\" decoding=\"async\" width=\"1024\" height=\"683\" src=\"https:\/\/afbsolutions.net\/wp-content\/uploads\/2025\/03\/correo-electronico-temporal-afb-solutions-guatemala-1024x683.jpg\" class=\"attachment-large size-large wp-image-737\" alt=\"correo electr\u00f3nico temporal afb solutions guatemala\" srcset=\"https:\/\/afbsolutions.net\/wp-content\/uploads\/2025\/03\/correo-electronico-temporal-afb-solutions-guatemala-1024x683.jpg 1024w, https:\/\/afbsolutions.net\/wp-content\/uploads\/2025\/03\/correo-electronico-temporal-afb-solutions-guatemala-300x200.jpg 300w, https:\/\/afbsolutions.net\/wp-content\/uploads\/2025\/03\/correo-electronico-temporal-afb-solutions-guatemala-768x512.jpg 768w, https:\/\/afbsolutions.net\/wp-content\/uploads\/2025\/03\/correo-electronico-temporal-afb-solutions-guatemala-1536x1024.jpg 1536w, https:\/\/afbsolutions.net\/wp-content\/uploads\/2025\/03\/correo-electronico-temporal-afb-solutions-guatemala.jpg 1920w\" sizes=\"auto, (max-width: 1024px) 100vw, 1024px\" \/><\/div>\t\t<\/div>\n\t\t\t\t\t\t\t<div class=\"raven-post-content\">\n\t\t\t\t\t\t<h4 class=\"raven-post-title\"><a class=\"raven-post-title-link\" href=\"https:\/\/afbsolutions.net\/en\/5-beneficios-de-utilizar-una-cuenta-de-correo-temporal\/\">5 Beneficios de Utilizar una Cuenta de Correo Temporal<\/a><\/h4>\t\t<div class=\"raven-post-read-more\">\n\t\t\t<a class=\"raven-post-button\" href=\"https:\/\/afbsolutions.net\/en\/5-beneficios-de-utilizar-una-cuenta-de-correo-temporal\/\"><span class=\"raven-post-button-text\">&gt; Read More<\/span><\/a>\n\t\t<\/div>\n\t\t\t\t\t\t\t<\/div>\n\t\t\t\t\t\t\t\t<\/div>\n\t\t<\/div>\n\t\t\t\t<div class=\"raven-grid-item raven-post-item post-730 post type-post status-publish format-standard has-post-thumbnail hentry category-soporte-tecnico category-windows\">\n\t\t\t<div class=\"raven-post raven-post-inside\">\n\t\t\t\t\t\t<div class=\"raven-post-image-wrap\">\n\t\t\t<div class=\"raven-post-image raven-image-fit\" ><span class=\"raven-post-image-overlay\"><\/span> <img loading=\"lazy\" decoding=\"async\" width=\"1024\" height=\"683\" src=\"https:\/\/afbsolutions.net\/wp-content\/uploads\/2025\/03\/compartir-escaner-red-eltima-usb-network-gate-afbsolutions-guatemala-1024x683.jpg\" class=\"attachment-large size-large wp-image-734\" alt=\"compartir escaner red eltima usb network gate afbsolutions guatemala\" srcset=\"https:\/\/afbsolutions.net\/wp-content\/uploads\/2025\/03\/compartir-escaner-red-eltima-usb-network-gate-afbsolutions-guatemala-1024x683.jpg 1024w, https:\/\/afbsolutions.net\/wp-content\/uploads\/2025\/03\/compartir-escaner-red-eltima-usb-network-gate-afbsolutions-guatemala-300x200.jpg 300w, https:\/\/afbsolutions.net\/wp-content\/uploads\/2025\/03\/compartir-escaner-red-eltima-usb-network-gate-afbsolutions-guatemala-768x512.jpg 768w, https:\/\/afbsolutions.net\/wp-content\/uploads\/2025\/03\/compartir-escaner-red-eltima-usb-network-gate-afbsolutions-guatemala-1536x1024.jpg 1536w, https:\/\/afbsolutions.net\/wp-content\/uploads\/2025\/03\/compartir-escaner-red-eltima-usb-network-gate-afbsolutions-guatemala.jpg 1920w\" sizes=\"auto, (max-width: 1024px) 100vw, 1024px\" \/><\/div>\t\t<\/div>\n\t\t\t\t\t\t\t<div class=\"raven-post-content\">\n\t\t\t\t\t\t<h4 class=\"raven-post-title\"><a class=\"raven-post-title-link\" href=\"https:\/\/afbsolutions.net\/en\/compartir-escaner-red-eltima-usb-network-gate\/\">C\u00f3mo Compartir Esc\u00e1ner en Red con Eltima USB Network Gate<\/a><\/h4>\t\t<div class=\"raven-post-read-more\">\n\t\t\t<a class=\"raven-post-button\" href=\"https:\/\/afbsolutions.net\/en\/compartir-escaner-red-eltima-usb-network-gate\/\"><span class=\"raven-post-button-text\">&gt; Read More<\/span><\/a>\n\t\t<\/div>\n\t\t\t\t\t\t\t<\/div>\n\t\t\t\t\t\t\t\t<\/div>\n\t\t<\/div>\n\t\t\t\t<\/div>\n\t\t\t\t<\/div>\n\t\t\t\t<\/div>\n\t\t\t\t\t<\/div>\n\t\t<\/div>\n\t\t\t\t\t\t\t<\/div>\n\t\t<\/section>\n\t\t\t\t\t\t\t<\/div>","protected":false},"excerpt":{"rendered":"<p>Blog Lorem ipsum dolor sit amet, consectetur adipiscing elit. Proin eu porta magna. Phasellus facilisis nibh sit amet ipsum viverra gravida. News From Us We bring the right people together to challenge established thinking and drive transformation. There Was No Obvious 2019 AwardsBait, And That\u2019s a Good &gt; Read More There Was No Obvious 2019 [&hellip;]<\/p>","protected":false},"author":1,"featured_media":0,"parent":0,"menu_order":0,"comment_status":"closed","ping_status":"closed","template":"full-width.php","meta":{"_siteseo_robots_primary_cat":"","content-type":"","footnotes":""},"class_list":["post-105","page","type-page","status-publish","hentry"],"acf":[],"_links":{"self":[{"href":"https:\/\/afbsolutions.net\/en\/wp-json\/wp\/v2\/pages\/105","targetHints":{"allow":["GET"]}}],"collection":[{"href":"https:\/\/afbsolutions.net\/en\/wp-json\/wp\/v2\/pages"}],"about":[{"href":"https:\/\/afbsolutions.net\/en\/wp-json\/wp\/v2\/types\/page"}],"author":[{"embeddable":true,"href":"https:\/\/afbsolutions.net\/en\/wp-json\/wp\/v2\/users\/1"}],"replies":[{"embeddable":true,"href":"https:\/\/afbsolutions.net\/en\/wp-json\/wp\/v2\/comments?post=105"}],"version-history":[{"count":0,"href":"https:\/\/afbsolutions.net\/en\/wp-json\/wp\/v2\/pages\/105\/revisions"}],"wp:attachment":[{"href":"https:\/\/afbsolutions.net\/en\/wp-json\/wp\/v2\/media?parent=105"}],"curies":[{"name":"wp","href":"https:\/\/api.w.org\/{rel}","templated":true}]}}